{"id":118,"date":"2018-01-15T14:05:04","date_gmt":"2018-01-15T14:05:04","guid":{"rendered":"http:\/\/127.0.0.1\/altisk\/?page_id=118"},"modified":"2024-03-26T08:50:50","modified_gmt":"2024-03-26T08:50:50","slug":"tanaraink","status":"publish","type":"page","link":"https:\/\/altisk-mlak.edu.hu\/index.php\/tanaraink\/","title":{"rendered":"Tan\u00e1raink a 2023\/2024. tan\u00e9vben"},"content":{"rendered":"\n<table width=\"604\" cellspacing=\"0\" cellpadding=\"7\">\n<tbody>\n<tr valign=\"top\">\n<td width=\"183\">\n<p class=\"western\" lang=\"hu-HU\" align=\"center\"><span style=\"font-family: Calibri, serif;\"><span style=\"font-size: large;\"><b>N\u00e9v<\/b><\/span><\/span><\/p>\n<\/td>\n<td width=\"188\">\n<p class=\"western\" lang=\"hu-HU\" align=\"center\"><span style=\"font-family: Calibri, serif;\"><span style=\"font-size: large;\"><b>Beoszt\u00e1s<\/b><\/span><\/span><\/p>\n<\/td>\n<td width=\"189\">\n<p class=\"western\" lang=\"hu-HU\" align=\"center\"><span style=\"font-family: Calibri, serif;\"><span style=\"font-size: large;\"><b>Tan\u00edtott tant\u00e1rgyak<\/b><\/span><\/span><\/p>\n<\/td>\n<\/tr>\n<tr valign=\"top\">\n<td width=\"183\">\n<p class=\"western\" lang=\"hu-HU\" align=\"left\"><span style=\"font-family: Calibri, serif;\"><span style=\"font-size: large;\">Mezein\u00e9 Kiss Katalin Melinda<\/span><\/span><\/p>\n<\/td>\n<td width=\"188\">\n<p class=\"western\" lang=\"hu-HU\" align=\"left\"><span style=\"font-family: Calibri, serif;\"><span style=\"font-size: large;\">tagint\u00e9zm\u00e9ny-igazgat\u00f3<\/span><\/span><\/p>\n<\/td>\n<td width=\"189\">\n<p class=\"western\" lang=\"hu-HU\" align=\"left\"><span style=\"font-family: Calibri, serif;\"><span style=\"font-size: large;\">n\u00e9met nyelv, term\u00e9szettudom\u00e1ny, k\u00e9mia<\/span><\/span><\/p>\n<\/td>\n<\/tr>\n<tr valign=\"top\">\n<td width=\"183\">\n<p class=\"western\" lang=\"hu-HU\" align=\"left\"><span style=\"font-family: Calibri, serif;\"><span style=\"font-size: large;\">Kov\u00e1cs Zsuzsanna<\/span><\/span><\/p>\n<\/td>\n<td width=\"188\">\n<p class=\"western\" lang=\"hu-HU\" align=\"left\"><span style=\"font-family: Calibri, serif;\"><span style=\"font-size: large;\">munkak\u00f6z\u00f6ss\u00e9g-vezet\u0151<\/span><\/span><\/p>\n<\/td>\n<td width=\"189\">\n<p class=\"western\" lang=\"hu-HU\" align=\"left\"><span style=\"font-family: Calibri, serif;\"><span style=\"font-size: large;\">matematika, fizika,<\/span><\/span><\/p>\n<p class=\"western\" lang=\"hu-HU\" align=\"left\"><span style=\"font-family: Calibri, serif;\"><span style=\"font-size: large;\">technika<\/span><\/span><\/p>\n<\/td>\n<\/tr>\n<tr valign=\"top\">\n<td width=\"183\">\n<p class=\"western\" lang=\"hu-HU\" align=\"left\"><span style=\"font-family: Calibri, serif;\"><span style=\"font-size: large;\">H\u00e1kl\u00e1r Zolt\u00e1nn\u00e9<\/span><\/span><\/p>\n<\/td>\n<td width=\"188\">\n<p class=\"western\" lang=\"hu-HU\" align=\"left\"><span style=\"font-family: Calibri, serif;\"><span style=\"font-size: large;\">tan\u00edt\u00f3, gy\u00f3gypedag\u00f3gus<\/span><\/span><\/p>\n<\/td>\n<td width=\"189\">\u00a0<\/td>\n<\/tr>\n<tr valign=\"top\">\n<td width=\"183\">\n<p class=\"western\" lang=\"hu-HU\" align=\"left\"><span style=\"font-family: Calibri, serif;\"><span style=\"font-size: large;\">Deutsch Szilvia<\/span><\/span><\/p>\n<\/td>\n<td width=\"188\">\n<p class=\"western\" lang=\"hu-HU\" align=\"left\"><span style=\"font-family: Calibri, serif;\"><span style=\"font-size: large;\">tan\u00edt\u00f3<\/span><\/span><\/p>\n<\/td>\n<td width=\"189\">\u00a0<\/td>\n<\/tr>\n<tr valign=\"top\">\n<td width=\"183\">\n<p class=\"western\" lang=\"hu-HU\" align=\"left\"><span style=\"font-family: Calibri, serif;\"><span style=\"font-size: large;\">B\u00e1lintn\u00e9 Pados Andrea<\/span><\/span><\/p>\n<\/td>\n<td width=\"188\">\n<p class=\"western\" lang=\"hu-HU\" align=\"left\"><span style=\"font-family: Calibri, serif;\"><span style=\"font-size: large;\">tan\u00edt\u00f3, fejleszt\u0151 pedag\u00f3gus<\/span><\/span><\/p>\n<\/td>\n<td width=\"189\">\u00a0<\/td>\n<\/tr>\n<tr valign=\"top\">\n<td width=\"183\">\n<p class=\"western\" lang=\"hu-HU\" align=\"left\"><span style=\"font-family: Calibri, serif;\"><span style=\"font-size: large;\">Zak\u00f3cs Veronika<\/span><\/span><\/p>\n<\/td>\n<td width=\"188\">\n<p class=\"western\" lang=\"hu-HU\" align=\"left\"><span style=\"font-family: Calibri, serif;\"><span style=\"font-size: large;\">tan\u00edt\u00f3<\/span><\/span><\/p>\n<\/td>\n<td width=\"189\">\u00a0<\/td>\n<\/tr>\n<tr valign=\"top\">\n<td width=\"183\">\n<p class=\"western\" lang=\"hu-HU\" align=\"left\"><span style=\"font-family: Calibri, serif;\"><span style=\"font-size: large;\">Koz\u00f3n\u00e9 Keszti \u00c1gnes<\/span><\/span><\/p>\n<\/td>\n<td width=\"188\">\n<p class=\"western\" lang=\"hu-HU\" align=\"left\"><span style=\"font-family: Calibri, serif;\"><span style=\"font-size: large;\">fejleszt\u0151 pedag\u00f3gus<\/span><\/span><\/p>\n<\/td>\n<td width=\"189\">\n<p class=\"western\" lang=\"hu-HU\" align=\"left\"><span style=\"font-family: Calibri, serif;\"><span style=\"font-size: large;\">napk\u00f6zi<\/span><\/span><\/p>\n<\/td>\n<\/tr>\n<tr valign=\"top\">\n<td width=\"183\">\n<p class=\"western\" lang=\"hu-HU\" align=\"left\"><span style=\"font-family: Calibri, serif;\"><span style=\"font-size: large;\">H\u00e1rin\u00e9 D\u00fch Katalin<\/span><\/span><\/p>\n<\/td>\n<td width=\"188\">\n<p class=\"western\" lang=\"hu-HU\" align=\"left\"><span style=\"font-family: Calibri, serif;\"><span style=\"font-size: large;\">tan\u00edt\u00f3<\/span><\/span><\/p>\n<\/td>\n<td width=\"189\">\n<p class=\"western\" lang=\"hu-HU\" align=\"left\"><span style=\"font-family: Calibri, serif;\"><span style=\"font-size: large;\">napk\u00f6zi<\/span><\/span><\/p>\n<\/td>\n<\/tr>\n<tr valign=\"top\">\n<td width=\"183\">\n<p class=\"western\" lang=\"hu-HU\" align=\"left\"><span style=\"font-family: Calibri, serif;\"><span style=\"font-size: large;\">Tarj\u00e1nyi L\u00e1szl\u00f3n\u00e9<\/span><\/span><\/p>\n<\/td>\n<td width=\"188\">\n<p class=\"western\" lang=\"hu-HU\" align=\"left\"><span style=\"font-family: Calibri, serif;\"><span style=\"font-size: large;\">tan\u00edt\u00f3<\/span><\/span><\/p>\n<\/td>\n<td width=\"189\">\n<p class=\"western\" lang=\"hu-HU\" align=\"left\"><span style=\"font-family: Calibri, serif;\"><span style=\"font-size: large;\">napk\u00f6zi<\/span><\/span><\/p>\n<\/td>\n<\/tr>\n<tr valign=\"top\">\n<td width=\"183\">\n<p class=\"western\" lang=\"hu-HU\" align=\"left\"><span style=\"font-family: Calibri, serif;\"><span style=\"font-size: large;\">M\u00e9h\u00e9sz Zolt\u00e1n<\/span><\/span><\/p>\n<\/td>\n<td width=\"188\">\n<p class=\"western\" lang=\"hu-HU\" align=\"left\"><span style=\"font-family: Calibri, serif;\"><span style=\"font-size: large;\">napk\u00f6zis nevel\u0151,<\/span><\/span><\/p>\n<p class=\"western\" lang=\"hu-HU\" align=\"left\"><span style=\"font-family: Calibri, serif;\"><span style=\"font-size: large;\">tan\u00e1r<\/span><\/span><\/p>\n<\/td>\n<td width=\"189\">\n<p class=\"western\" lang=\"hu-HU\" align=\"left\"><span style=\"font-family: Calibri, serif;\"><span style=\"font-size: large;\">f\u00f6ldrajz, vizu\u00e1lis kult\u00fara<\/span><\/span><\/p>\n<\/td>\n<\/tr>\n<tr valign=\"top\">\n<td width=\"183\">\n<p class=\"western\" lang=\"hu-HU\" align=\"left\"><span style=\"font-family: Calibri, serif;\"><span style=\"font-size: large;\">Pusztai Zsolt<\/span><\/span><\/p>\n<\/td>\n<td width=\"188\">\n<p class=\"western\" lang=\"hu-HU\" align=\"left\"><span style=\"font-family: Calibri, serif;\"><span style=\"font-size: large;\">\u00f3raad\u00f3 tan\u00e1r<\/span><\/span><\/p>\n<\/td>\n<td width=\"189\">\n<p class=\"western\" lang=\"hu-HU\" align=\"left\"><span style=\"font-family: Calibri, serif;\"><span style=\"font-size: large;\">t\u00f6rt\u00e9nelem, honismeret, <\/span><\/span><\/p>\n<p class=\"western\" lang=\"hu-HU\" align=\"left\"><span style=\"font-family: Calibri, serif;\"><span style=\"font-size: large;\">\u00e1llampolg\u00e1ri ismeretek<\/span><\/span><\/p>\n<\/td>\n<\/tr>\n<tr valign=\"top\">\n<td width=\"183\">\n<p class=\"western\" lang=\"hu-HU\" align=\"left\"><span style=\"font-family: Calibri, serif;\"><span style=\"font-size: large;\">Papp Gy\u00f6rgy<\/span><\/span><\/p>\n<\/td>\n<td width=\"188\">\n<p class=\"western\" lang=\"hu-HU\" align=\"left\"><span style=\"font-family: Calibri, serif;\"><span style=\"font-size: large;\">\u00f3raad\u00f3 tan\u00e1r<\/span><\/span><\/p>\n<\/td>\n<td width=\"189\">\n<p class=\"western\" lang=\"hu-HU\" align=\"left\"><span style=\"font-family: Calibri, serif;\"><span style=\"font-size: large;\">digit\u00e1lis kult\u00fara<\/span><\/span><\/p>\n<\/td>\n<\/tr>\n<tr valign=\"top\">\n<td width=\"183\">\n<p class=\"western\" lang=\"hu-HU\" align=\"left\"><span style=\"font-family: Calibri, serif;\"><span style=\"font-size: large;\">Ga\u00e1l M\u00f3nika<\/span><\/span><\/p>\n<\/td>\n<td width=\"188\">\n<p class=\"western\" lang=\"hu-HU\" align=\"left\"><span style=\"font-family: Calibri, serif;\"><span style=\"font-size: large;\">tan\u00e1r<\/span><\/span><\/p>\n<\/td>\n<td width=\"189\">\n<p class=\"western\" lang=\"hu-HU\" align=\"left\"><span style=\"font-family: Calibri, serif;\"><span style=\"font-size: large;\">n\u00e9met, tanul\u00f3szoba<\/span><\/span><\/p>\n<\/td>\n<\/tr>\n<tr valign=\"top\">\n<td width=\"183\">\n<p class=\"western\" lang=\"hu-HU\" align=\"left\"><span style=\"font-family: Calibri, serif;\"><span style=\"font-size: large;\">G\u00e9csek Oliv\u00e9r Istv\u00e1n<\/span><\/span><\/p>\n<\/td>\n<td width=\"188\">\n<p class=\"western\" lang=\"hu-HU\" align=\"left\"><span style=\"font-family: Calibri, serif;\"><span style=\"font-size: large;\">tan\u00e1r<\/span><\/span><\/p>\n<\/td>\n<td width=\"189\">\n<p class=\"western\" lang=\"hu-HU\" align=\"left\"><span style=\"font-family: Calibri, serif;\"><span style=\"font-size: large;\">testnevel\u00e9s,<\/span><\/span><\/p>\n<p class=\"western\" lang=\"hu-HU\" align=\"left\"><span style=\"font-family: Calibri, serif;\"><span style=\"font-size: large;\">gy\u00f3gytestnevel\u00e9s<\/span><\/span><\/p>\n<\/td>\n<\/tr>\n<tr valign=\"top\">\n<td width=\"183\">\n<p class=\"western\" lang=\"hu-HU\" align=\"left\"><span style=\"font-family: Calibri, serif;\"><span style=\"font-size: large;\">T\u00f3thn\u00e9 Tak\u00e1cs Hajnalka<\/span><\/span><\/p>\n<\/td>\n<td width=\"188\">\n<p class=\"western\" lang=\"hu-HU\" align=\"left\"><span style=\"font-family: Calibri, serif;\"><span style=\"font-size: large;\">tan\u00e1r<\/span><\/span><\/p>\n<\/td>\n<td width=\"189\">\n<p class=\"western\" lang=\"hu-HU\" align=\"left\"><span style=\"font-family: Calibri, serif;\"><span style=\"font-size: large;\">magyar nyelv \u00e9s irodalom,<\/span><\/span><\/p>\n<p class=\"western\" lang=\"hu-HU\" align=\"left\"><span style=\"font-family: Calibri, serif;\"><span style=\"font-size: large;\">tanul\u00f3szoba<\/span><\/span><\/p>\n<\/td>\n<\/tr>\n<tr valign=\"top\">\n<td width=\"183\">\n<p class=\"western\" lang=\"hu-HU\" align=\"left\"><span style=\"font-family: Calibri, serif;\"><span style=\"font-size: large;\">Rezs\u0151 Rita<\/span><\/span><\/p>\n<\/td>\n<td width=\"188\">\n<p class=\"western\" lang=\"hu-HU\" align=\"left\"><span style=\"font-family: Calibri, serif;\"><span style=\"font-size: large;\">\u00f3raad\u00f3 tan\u00e1r<\/span><\/span><\/p>\n<\/td>\n<td width=\"189\">\n<p class=\"western\" lang=\"hu-HU\" align=\"left\"><span style=\"font-family: Calibri, serif;\"><span style=\"font-size: large;\">\u00e9nek-zene<\/span><\/span><\/p>\n<\/td>\n<\/tr>\n<tr valign=\"top\">\n<td width=\"183\">\n<p class=\"western\" lang=\"hu-HU\" align=\"left\"><span style=\"font-family: Calibri, serif;\"><span style=\"font-size: large;\">Baj\u00e1n Ferenc<\/span><\/span><\/p>\n<\/td>\n<td width=\"188\">\n<p class=\"western\" lang=\"hu-HU\" align=\"left\"><span style=\"font-family: Calibri, serif;\"><span style=\"font-size: large;\">rendszergazda<\/span><\/span><\/p>\n<\/td>\n<td width=\"189\">\u00a0<\/td>\n<\/tr>\n<\/tbody>\n<\/table>\n\n\n<div>You need to add a widget, row, or prebuilt layout before you&#8217;ll see anything here. \ud83d\ude42<\/div>","protected":false},"excerpt":{"rendered":"<p>N\u00e9v Beoszt\u00e1s Tan\u00edtott tant\u00e1rgyak Mezein\u00e9 Kiss Katalin Melinda tagint\u00e9zm\u00e9ny-igazgat\u00f3 n\u00e9met nyelv, term\u00e9szettudom\u00e1ny, k\u00e9mia Kov\u00e1cs Zsuzsanna munkak\u00f6z\u00f6ss\u00e9g-vezet\u0151 matematika, fizika, technika H\u00e1kl\u00e1r Zolt\u00e1nn\u00e9 tan\u00edt\u00f3, gy\u00f3gypedag\u00f3gus \u00a0 Deutsch Szilvia tan\u00edt\u00f3 \u00a0 B\u00e1lintn\u00e9 Pados Andrea tan\u00edt\u00f3,<a class=\"moretag\" href=\"https:\/\/altisk-mlak.edu.hu\/index.php\/tanaraink\/\">Read More&#8230;<\/a><\/p>\n","protected":false},"author":1,"featured_media":0,"parent":0,"menu_order":0,"comment_status":"closed","ping_status":"closed","template":"","meta":{"two_page_speed":[],"footnotes":""},"class_list":["post-118","page","type-page","status-publish","hentry"],"_links":{"self":[{"href":"https:\/\/altisk-mlak.edu.hu\/index.php\/wp-json\/wp\/v2\/pages\/118","targetHints":{"allow":["GET"]}}],"collection":[{"href":"https:\/\/altisk-mlak.edu.hu\/index.php\/wp-json\/wp\/v2\/pages"}],"about":[{"href":"https:\/\/altisk-mlak.edu.hu\/index.php\/wp-json\/wp\/v2\/types\/page"}],"author":[{"embeddable":true,"href":"https:\/\/altisk-mlak.edu.hu\/index.php\/wp-json\/wp\/v2\/users\/1"}],"replies":[{"embeddable":true,"href":"https:\/\/altisk-mlak.edu.hu\/index.php\/wp-json\/wp\/v2\/comments?post=118"}],"version-history":[{"count":8,"href":"https:\/\/altisk-mlak.edu.hu\/index.php\/wp-json\/wp\/v2\/pages\/118\/revisions"}],"predecessor-version":[{"id":2091,"href":"https:\/\/altisk-mlak.edu.hu\/index.php\/wp-json\/wp\/v2\/pages\/118\/revisions\/2091"}],"wp:attachment":[{"href":"https:\/\/altisk-mlak.edu.hu\/index.php\/wp-json\/wp\/v2\/media?parent=118"}],"curies":[{"name":"wp","href":"https:\/\/api.w.org\/{rel}","templated":true}]}}