{"id":119,"date":"2018-01-15T14:05:04","date_gmt":"2018-01-15T14:05:04","guid":{"rendered":"http:\/\/127.0.0.1\/altisk\/?page_id=119"},"modified":"2026-03-27T16:32:34","modified_gmt":"2026-03-27T16:32:34","slug":"technikai-dolgozok","status":"publish","type":"page","link":"https:\/\/altisk-mlak.edu.hu\/index.php\/technikai-dolgozok\/","title":{"rendered":"Technikai dolgoz\u00f3k"},"content":{"rendered":"<table width=\"604\" cellspacing=\"0\" cellpadding=\"7\">\n<tbody>\n<tr valign=\"top\">\n<td width=\"287\">\n<p align=\"center\"><span style=\"font-family: Helvetica, sans-serif;\"><span style=\"font-size: small;\"><b>N\u00e9v<\/b><\/span><\/span><\/p>\n<\/td>\n<td width=\"287\">\n<p align=\"center\"><span style=\"font-family: Helvetica, sans-serif;\"><span style=\"font-size: small;\"><b>Beoszt\u00e1s<\/b><\/span><\/span><\/p>\n<\/td>\n<\/tr>\n<tr valign=\"top\">\n<td width=\"287\">\n<p align=\"left\"><span style=\"font-family: Helvetica, sans-serif;\"><span style=\"font-size: small;\">Kocsisn\u00e9 Moln\u00e1r L\u00edvia<\/span><\/span><\/p>\n<\/td>\n<td width=\"287\">\n<p align=\"center\"><span style=\"font-family: Helvetica, sans-serif;\"><span style=\"font-size: small;\">iskolatitk\u00e1r<\/span><\/span><\/p>\n<\/td>\n<\/tr>\n<tr valign=\"top\">\n<td width=\"287\">\n<p align=\"left\"><span style=\"font-family: Helvetica, sans-serif;\"><span style=\"font-size: small;\">Holczbauer S\u00e1ndorn\u00e9 <\/span><\/span><\/p>\n<\/td>\n<td width=\"287\">\n<p align=\"center\"><span style=\"font-family: Helvetica, sans-serif;\"><span style=\"font-size: small;\">takar\u00edt\u00f3n\u0151<\/span><\/span><\/p>\n<\/td>\n<\/tr>\n<tr valign=\"top\">\n<td width=\"287\">\n<p align=\"left\"><span style=\"font-family: Helvetica, sans-serif;\"><span style=\"font-size: small;\">Mesics Tibor<\/span><\/span><\/p>\n<\/td>\n<td width=\"287\">\n<p align=\"center\"><span style=\"font-family: Helvetica, sans-serif;\"><span style=\"font-size: small;\">karbantart\u00f3<\/span><\/span><\/p>\n<\/td>\n<\/tr>\n<\/tbody>\n<\/table>\n","protected":false},"excerpt":{"rendered":"<p>N\u00e9v Beoszt\u00e1s Kocsisn\u00e9 Moln\u00e1r L\u00edvia iskolatitk\u00e1r Holczbauer S\u00e1ndorn\u00e9 takar\u00edt\u00f3n\u0151 Mesics Tibor karbantart\u00f3<\/p>\n","protected":false},"author":1,"featured_media":0,"parent":0,"menu_order":0,"comment_status":"closed","ping_status":"closed","template":"","meta":{"two_page_speed":[],"footnotes":""},"class_list":["post-119","page","type-page","status-publish","hentry"],"_links":{"self":[{"href":"https:\/\/altisk-mlak.edu.hu\/index.php\/wp-json\/wp\/v2\/pages\/119","targetHints":{"allow":["GET"]}}],"collection":[{"href":"https:\/\/altisk-mlak.edu.hu\/index.php\/wp-json\/wp\/v2\/pages"}],"about":[{"href":"https:\/\/altisk-mlak.edu.hu\/index.php\/wp-json\/wp\/v2\/types\/page"}],"author":[{"embeddable":true,"href":"https:\/\/altisk-mlak.edu.hu\/index.php\/wp-json\/wp\/v2\/users\/1"}],"replies":[{"embeddable":true,"href":"https:\/\/altisk-mlak.edu.hu\/index.php\/wp-json\/wp\/v2\/comments?post=119"}],"version-history":[{"count":6,"href":"https:\/\/altisk-mlak.edu.hu\/index.php\/wp-json\/wp\/v2\/pages\/119\/revisions"}],"predecessor-version":[{"id":3925,"href":"https:\/\/altisk-mlak.edu.hu\/index.php\/wp-json\/wp\/v2\/pages\/119\/revisions\/3925"}],"wp:attachment":[{"href":"https:\/\/altisk-mlak.edu.hu\/index.php\/wp-json\/wp\/v2\/media?parent=119"}],"curies":[{"name":"wp","href":"https:\/\/api.w.org\/{rel}","templated":true}]}}