{"id":131,"date":"2018-01-15T14:06:47","date_gmt":"2018-01-15T14:06:47","guid":{"rendered":"http:\/\/127.0.0.1\/altisk\/?page_id=131"},"modified":"2024-11-13T13:56:38","modified_gmt":"2024-11-13T13:56:38","slug":"elerhetosegeink","status":"publish","type":"page","link":"https:\/\/altisk-mlak.edu.hu\/index.php\/elerhetosegeink\/","title":{"rendered":"El\u00e9rhet\u0151s\u00e9geink"},"content":{"rendered":"<div>\n<p lang=\"hu-HU\"><span style=\"font-family: Times New Roman, serif;\"><span style=\"font-size: medium;\"><span style=\"font-family: Helvetica, serif;\"><span style=\"font-size: large;\">Szent Gotth\u00e1rd \u00c1ltal\u00e1nos Iskola \u00e9s Gimn\u00e1zium Magyarlak-Cs\u00f6r\u00f6tnek \u00c1ltal\u00e1nos Iskol\u00e1ja<\/span><\/span><\/span><\/span><\/p>\n<p lang=\"hu-HU\"><span style=\"font-family: Times New Roman, serif;\"><span style=\"font-size: medium;\"><span style=\"font-family: Helvetica, serif;\"><span style=\"font-size: large;\">Postac\u00edm:\u00a0\u00a0\u00a0\u00a0 9963 Magyarlak, Kossuth Lajos \u00fat 236.<br \/>\n<\/span><\/span><\/span><\/span><span style=\"font-family: Times New Roman, serif;\"><span style=\"font-size: medium;\"><span style=\"font-family: Helvetica, serif;\"><span style=\"font-size: large;\">E-mail: \u00a0\u00a0\u00a0\u00a0 \u00a0\u00a0\u00a0szent.gotthard.magyarlak-csorotnek@martinus.hu<br \/>\n<\/span><\/span><\/span><\/span><span style=\"font-family: Times New Roman, serif;\"><span style=\"font-size: medium;\"><span style=\"font-family: Helvetica, serif;\"><span style=\"font-size: large;\">Honlap:\u00a0\u00a0\u00a0\u00a0\u00a0\u00a0\u00a0\u00a0<\/span><\/span><span style=\"color: #0000ff;\"><u><a href=\"http:\/\/www.altisk-mlak.edu.hu\/\"><span style=\"color: #000000;\"><span style=\"font-family: Helvetica, serif;\"><span style=\"font-size: large;\">https:\/altisk-mlak.edu.hu<\/span><\/span><\/span><\/a><br \/>\n<\/u><\/span><\/span><\/span><span style=\"font-family: Times New Roman, serif;\"><span style=\"font-size: medium;\"><span style=\"font-family: Helvetica, serif;\"><span style=\"font-size: large;\">Telefon:\u00a0\u00a0\u00a0\u00a0\u00a0\u00a0 (94) 541-003 Titk\u00e1rs\u00e1g, Kocsisn\u00e9 Moln\u00e1r L\u00edvia \u00fcgyint\u00e9z\u0151<br \/>\n<\/span><\/span><\/span><\/span><span style=\"font-family: Times New Roman, serif;\"><span style=\"font-size: medium;\"><span style=\"font-family: Helvetica, serif;\"><span style=\"font-size: large;\">\u00a0\u00a0\u00a0\u00a0\u00a0\u00a0\u00a0\u00a0\u00a0\u00a0\u00a0\u00a0\u00a0\u00a0\u00a0\u00a0\u00a0\u00a0 (20) 997 3810 Mezein\u00e9 Kiss Katalin tagint\u00e9zm\u00e9ny-igazgat\u00f3<br \/>\n<\/span><\/span><\/span><\/span><span style=\"font-family: Times New Roman, serif;\"><span style=\"font-size: medium;\"><span style=\"font-family: Helvetica, serif;\"><span style=\"font-size: large;\">\u00a0\u00a0\u00a0\u00a0\u00a0\u00a0\u00a0\u00a0\u00a0\u00a0\u00a0\u00a0\u00a0\u00a0\u00a0\u00a0\u00a0\u00a0 (30) 311 6188 Titk\u00e1rs\u00e1g<\/span><\/span><\/span><\/span><\/p>\n<\/div>\n","protected":false},"excerpt":{"rendered":"<p>Szent Gotth\u00e1rd \u00c1ltal\u00e1nos Iskola \u00e9s Gimn\u00e1zium Magyarlak-Cs\u00f6r\u00f6tnek \u00c1ltal\u00e1nos Iskol\u00e1ja Postac\u00edm:\u00a0\u00a0\u00a0\u00a0 9963 Magyarlak, Kossuth Lajos \u00fat 236. E-mail: \u00a0\u00a0\u00a0\u00a0 \u00a0\u00a0\u00a0szent.gotthard.magyarlak-csorotnek@martinus.hu Honlap:\u00a0\u00a0\u00a0\u00a0\u00a0\u00a0\u00a0\u00a0https:\/altisk-mlak.edu.hu Telefon:\u00a0\u00a0\u00a0\u00a0\u00a0\u00a0 (94) 541-003 Titk\u00e1rs\u00e1g, Kocsisn\u00e9 Moln\u00e1r L\u00edvia \u00fcgyint\u00e9z\u0151 \u00a0\u00a0\u00a0\u00a0\u00a0\u00a0\u00a0\u00a0\u00a0\u00a0\u00a0\u00a0\u00a0\u00a0\u00a0\u00a0\u00a0\u00a0 (20) 997 3810<a class=\"moretag\" href=\"https:\/\/altisk-mlak.edu.hu\/index.php\/elerhetosegeink\/\">Read More&#8230;<\/a><\/p>\n","protected":false},"author":1,"featured_media":0,"parent":0,"menu_order":0,"comment_status":"closed","ping_status":"closed","template":"","meta":{"two_page_speed":[],"footnotes":""},"class_list":["post-131","page","type-page","status-publish","hentry"],"_links":{"self":[{"href":"https:\/\/altisk-mlak.edu.hu\/index.php\/wp-json\/wp\/v2\/pages\/131","targetHints":{"allow":["GET"]}}],"collection":[{"href":"https:\/\/altisk-mlak.edu.hu\/index.php\/wp-json\/wp\/v2\/pages"}],"about":[{"href":"https:\/\/altisk-mlak.edu.hu\/index.php\/wp-json\/wp\/v2\/types\/page"}],"author":[{"embeddable":true,"href":"https:\/\/altisk-mlak.edu.hu\/index.php\/wp-json\/wp\/v2\/users\/1"}],"replies":[{"embeddable":true,"href":"https:\/\/altisk-mlak.edu.hu\/index.php\/wp-json\/wp\/v2\/comments?post=131"}],"version-history":[{"count":8,"href":"https:\/\/altisk-mlak.edu.hu\/index.php\/wp-json\/wp\/v2\/pages\/131\/revisions"}],"predecessor-version":[{"id":2704,"href":"https:\/\/altisk-mlak.edu.hu\/index.php\/wp-json\/wp\/v2\/pages\/131\/revisions\/2704"}],"wp:attachment":[{"href":"https:\/\/altisk-mlak.edu.hu\/index.php\/wp-json\/wp\/v2\/media?parent=131"}],"curies":[{"name":"wp","href":"https:\/\/api.w.org\/{rel}","templated":true}]}}