{"id":2705,"date":"2024-11-13T19:58:13","date_gmt":"2024-11-13T19:58:13","guid":{"rendered":"https:\/\/altisk-mlak.edu.hu\/?page_id=2705"},"modified":"2024-11-13T19:58:28","modified_gmt":"2024-11-13T19:58:28","slug":"tanaraink-a-2024-2025-tanevben","status":"publish","type":"page","link":"https:\/\/altisk-mlak.edu.hu\/index.php\/tanaraink-a-2024-2025-tanevben\/","title":{"rendered":"Tan\u00e1raink a 2024\/2025. tan\u00e9vben"},"content":{"rendered":"<table style=\"width: 95.1991%;\" width=\"604\" cellspacing=\"0\" cellpadding=\"7\">\n<tbody>\n<tr valign=\"top\">\n<td style=\"width: 32.947%;\" width=\"185\">\n<p align=\"center\"><span style=\"font-family: Helvetica, sans-serif;\"><span style=\"font-size: small;\"><b>N\u00e9v<\/b><\/span><\/span><\/p>\n<\/td>\n<td style=\"width: 42.053%;\" width=\"164\">\n<p align=\"center\"><span style=\"font-family: Helvetica, sans-serif;\"><span style=\"font-size: small;\"><b>Beoszt\u00e1s<\/b><\/span><\/span><\/p>\n<\/td>\n<td style=\"width: 23.3823%;\" width=\"211\">\n<p align=\"center\"><span style=\"font-family: Helvetica, sans-serif;\"><span style=\"font-size: small;\"><b>Tant\u00e1rgyak<\/b><\/span><\/span><\/p>\n<\/td>\n<\/tr>\n<tr valign=\"top\">\n<td style=\"width: 32.947%;\" width=\"185\">\n<p align=\"left\"><span style=\"font-family: Helvetica, sans-serif;\"><span style=\"font-size: small;\">Mezein\u00e9 Kiss Katalin Melinda<\/span><\/span><\/p>\n<\/td>\n<td style=\"width: 42.053%;\" width=\"164\">\n<p align=\"justify\"><span style=\"font-family: Helvetica, sans-serif;\"><span style=\"font-size: small;\">tagint\u00e9zm\u00e9ny-igazgat\u00f3<\/span><\/span><\/p>\n<\/td>\n<td style=\"width: 23.3823%; text-align: left;\" width=\"211\">\n<p align=\"justify\"><span style=\"font-family: Helvetica, sans-serif;\"><span style=\"font-size: small;\">n\u00e9met nyelv, term\u00e9szettudom\u00e1ny<\/span><\/span><\/p>\n<\/td>\n<\/tr>\n<tr valign=\"top\">\n<td style=\"width: 32.947%;\" width=\"185\">\n<p align=\"left\"><span style=\"font-family: Helvetica, sans-serif;\"><span style=\"font-size: small;\">Kov\u00e1cs Zsuzsanna<\/span><\/span><\/p>\n<\/td>\n<td style=\"width: 42.053%;\" width=\"164\">\n<p align=\"justify\"><span style=\"font-family: Helvetica, sans-serif;\"><span style=\"font-size: small;\">munkak\u00f6z\u00f6ss\u00e9g-vezet\u0151<\/span><\/span><\/p>\n<\/td>\n<td style=\"width: 23.3823%; text-align: left;\" width=\"211\">\n<p align=\"justify\"><span style=\"font-family: Helvetica, sans-serif;\"><span style=\"font-size: small;\">matematika, fizika, technika<\/span><\/span><\/p>\n<\/td>\n<\/tr>\n<tr valign=\"top\">\n<td style=\"width: 32.947%;\" width=\"185\">\n<p align=\"left\"><span style=\"font-family: Helvetica, sans-serif;\"><span style=\"font-size: small;\">Zak\u00f3cs Veronika<\/span><\/span><\/p>\n<\/td>\n<td style=\"width: 42.053%;\" width=\"164\">\n<p align=\"justify\"><span style=\"font-family: Helvetica, sans-serif;\"><span style=\"font-size: small;\">tan\u00edt\u00f3<\/span><\/span><\/p>\n<\/td>\n<td style=\"width: 23.3823%; text-align: left;\" width=\"211\"><\/td>\n<\/tr>\n<tr valign=\"top\">\n<td style=\"width: 32.947%;\" width=\"185\">\n<p align=\"left\"><span style=\"font-family: Helvetica, sans-serif;\"><span style=\"font-size: small;\">H\u00e1rin\u00e9 D\u00fch Katalin<\/span><\/span><\/p>\n<\/td>\n<td style=\"width: 42.053%;\" width=\"164\">\n<p align=\"justify\"><span style=\"font-family: Helvetica, sans-serif;\"><span style=\"font-size: small;\">tan\u00edt\u00f3<\/span><\/span><\/p>\n<\/td>\n<td style=\"width: 23.3823%; text-align: left;\" width=\"211\">\n<p align=\"justify\"><span style=\"font-family: Helvetica, sans-serif;\"><span style=\"font-size: small;\">napk\u00f6zi<\/span><\/span><\/p>\n<\/td>\n<\/tr>\n<tr valign=\"top\">\n<td style=\"width: 32.947%;\" width=\"185\">\n<p align=\"left\"><span style=\"font-family: Helvetica, sans-serif;\"><span style=\"font-size: small;\">Deutsch Szilvia<\/span><\/span><\/p>\n<\/td>\n<td style=\"width: 42.053%;\" width=\"164\">\n<p align=\"justify\"><span style=\"font-family: Helvetica, sans-serif;\"><span style=\"font-size: small;\">tan\u00edt\u00f3<\/span><\/span><\/p>\n<\/td>\n<td style=\"width: 23.3823%; text-align: left;\" width=\"211\"><\/td>\n<\/tr>\n<tr valign=\"top\">\n<td style=\"width: 32.947%;\" width=\"185\">\n<p align=\"left\"><span style=\"font-family: Helvetica, sans-serif;\"><span style=\"font-size: small;\">B\u00e1lintn\u00e9 Pados Andrea<\/span><\/span><\/p>\n<\/td>\n<td style=\"width: 42.053%;\" width=\"164\">\n<p align=\"justify\"><span style=\"font-family: Helvetica, sans-serif;\"><span style=\"font-size: small;\">tan\u00edt\u00f3, fejleszt\u0151 pedag\u00f3gus<\/span><\/span><\/p>\n<\/td>\n<td style=\"width: 23.3823%; text-align: left;\" width=\"211\"><\/td>\n<\/tr>\n<tr valign=\"top\">\n<td style=\"width: 32.947%;\" width=\"185\">\n<p align=\"left\"><span style=\"font-family: Helvetica, sans-serif;\"><span style=\"font-size: small;\">Tarj\u00e1nyi L\u00e1szl\u00f3n\u00e9 <\/span><\/span><\/p>\n<\/td>\n<td style=\"width: 42.053%;\" width=\"164\">\n<p align=\"justify\"><span style=\"font-family: Helvetica, sans-serif;\"><span style=\"font-size: small;\">tan\u00edt\u00f3<\/span><\/span><\/p>\n<\/td>\n<td style=\"width: 23.3823%; text-align: left;\" width=\"211\">\n<p align=\"justify\"><span style=\"font-family: Helvetica, sans-serif;\"><span style=\"font-size: small;\">napk\u00f6zi<\/span><\/span><\/p>\n<\/td>\n<\/tr>\n<tr valign=\"top\">\n<td style=\"width: 32.947%;\" width=\"185\">\n<p align=\"left\"><span style=\"font-family: Helvetica, sans-serif;\"><span style=\"font-size: small;\">T\u00f3thn\u00e9 Tak\u00e1cs Hajnalka<\/span><\/span><\/p>\n<\/td>\n<td style=\"width: 42.053%;\" width=\"164\">\n<p align=\"justify\"><span style=\"font-family: Helvetica, sans-serif;\"><span style=\"font-size: small;\">tan\u00e1r<\/span><\/span><\/p>\n<\/td>\n<td style=\"width: 23.3823%; text-align: left;\" width=\"211\">\n<p align=\"justify\"><span style=\"font-family: Helvetica, sans-serif;\"><span style=\"font-size: small;\">magyar nyelv \u00e9s irodalom, dr\u00e1ma \u00e9s sz\u00ednh\u00e1z, tanul\u00f3szoba<\/span><\/span><\/p>\n<\/td>\n<\/tr>\n<tr valign=\"top\">\n<td style=\"width: 32.947%;\" width=\"185\">\n<p align=\"left\"><span style=\"font-family: Helvetica, sans-serif;\"><span style=\"font-size: small;\">Ga\u00e1l M\u00f3nika<\/span><\/span><\/p>\n<\/td>\n<td style=\"width: 42.053%;\" width=\"164\">\n<p align=\"justify\"><span style=\"font-family: Helvetica, sans-serif;\"><span style=\"font-size: small;\">tan\u00e1r<\/span><\/span><\/p>\n<\/td>\n<td style=\"width: 23.3823%; text-align: left;\" width=\"211\">\n<p align=\"justify\"><span style=\"font-family: Helvetica, sans-serif;\"><span style=\"font-size: small;\">n\u00e9met nyelv, tanul\u00f3szoba<\/span><\/span><\/p>\n<\/td>\n<\/tr>\n<tr valign=\"top\">\n<td style=\"width: 32.947%;\" width=\"185\">\n<p align=\"left\"><span style=\"font-family: Helvetica, sans-serif;\"><span style=\"font-size: small;\">G\u00e9csek Oliv\u00e9r<\/span><\/span><\/p>\n<\/td>\n<td style=\"width: 42.053%;\" width=\"164\">\n<p align=\"justify\"><span style=\"font-family: Helvetica, sans-serif;\"><span style=\"font-size: small;\">tan\u00e1r <\/span><\/span><\/p>\n<\/td>\n<td style=\"width: 23.3823%; text-align: left;\" width=\"211\">\n<p align=\"justify\"><span style=\"font-family: Helvetica, sans-serif;\"><span style=\"font-size: small;\">testnevel\u00e9s<\/span><\/span><\/p>\n<\/td>\n<\/tr>\n<tr valign=\"top\">\n<td style=\"width: 32.947%;\" width=\"185\">\n<p align=\"left\"><span style=\"font-family: Helvetica, sans-serif;\"><span style=\"font-size: small;\">H\u00e1kl\u00e1r Zolt\u00e1nn\u00e9<\/span><\/span><\/p>\n<\/td>\n<td style=\"width: 42.053%;\" width=\"164\">\n<p align=\"justify\"><span style=\"font-family: Helvetica, sans-serif;\"><span style=\"font-size: small;\">tan\u00edt\u00f3, gy\u00f3gypedag\u00f3gus<\/span><\/span><\/p>\n<\/td>\n<td style=\"width: 23.3823%; text-align: left;\" width=\"211\"><\/td>\n<\/tr>\n<tr valign=\"top\">\n<td style=\"width: 32.947%;\" width=\"185\">\n<p align=\"left\"><span style=\"font-family: Helvetica, sans-serif;\"><span style=\"font-size: small;\">M\u00e9h\u00e9sz Zolt\u00e1n<\/span><\/span><\/p>\n<\/td>\n<td style=\"width: 42.053%;\" width=\"164\">\n<p align=\"justify\"><span style=\"font-family: Helvetica, sans-serif;\"><span style=\"font-size: small;\">tan\u00e1r, napk\u00f6zis nevel\u0151<\/span><\/span><\/p>\n<\/td>\n<td style=\"width: 23.3823%; text-align: left;\" width=\"211\">\n<p align=\"justify\"><span style=\"font-family: Helvetica, sans-serif;\"><span style=\"font-size: small;\">f\u00f6ldrajz, vizu\u00e1lis kult\u00fara, napk\u00f6zi<\/span><\/span><\/p>\n<\/td>\n<\/tr>\n<tr valign=\"top\">\n<td style=\"width: 32.947%;\" width=\"185\">\n<p align=\"left\"><span style=\"font-family: Helvetica, sans-serif;\"><span style=\"font-size: small;\">Jo\u00f3 Tam\u00e1s<\/span><\/span><\/p>\n<\/td>\n<td style=\"width: 42.053%;\" width=\"164\">\n<p align=\"justify\"><span style=\"font-family: Helvetica, sans-serif;\"><span style=\"font-size: small;\">tan\u00e1r<\/span><\/span><\/p>\n<\/td>\n<td style=\"width: 23.3823%; text-align: left;\" width=\"211\">\n<p align=\"justify\"><span style=\"font-family: Helvetica, sans-serif;\"><span style=\"font-size: small;\">digit\u00e1lis kult\u00fara <\/span><\/span><\/p>\n<\/td>\n<\/tr>\n<tr valign=\"top\">\n<td style=\"width: 32.947%;\" width=\"185\">\n<p align=\"left\"><span style=\"font-family: Helvetica, sans-serif;\"><span style=\"font-size: small;\">Pusztai Zsolt<\/span><\/span><\/p>\n<\/td>\n<td style=\"width: 42.053%;\" width=\"164\">\n<p align=\"justify\"><a name=\"_GoBack\"><\/a> <span style=\"font-family: Helvetica, sans-serif;\"><span style=\"font-size: small;\">\u00f3raad\u00f3 tan\u00e1r<\/span><\/span><\/p>\n<\/td>\n<td style=\"width: 23.3823%; text-align: left;\" width=\"211\">\n<p align=\"left\"><span style=\"font-family: Helvetica, sans-serif;\"><span style=\"font-size: small;\">t\u00f6rt\u00e9nelem, honismeret, \u00e1llampolg\u00e1ri ismeretek<\/span><\/span><\/p>\n<\/td>\n<\/tr>\n<tr valign=\"top\">\n<td style=\"width: 32.947%;\" width=\"185\">\n<p align=\"left\"><span style=\"font-family: Helvetica, sans-serif;\"><span style=\"font-size: small;\">Horv\u00e1th Gy\u00f6rgy Istv\u00e1n<\/span><\/span><\/p>\n<\/td>\n<td style=\"width: 42.053%;\" width=\"164\">\n<p align=\"justify\"><span style=\"font-family: Helvetica, sans-serif;\"><span style=\"font-size: small;\">tan\u00e1r<\/span><\/span><\/p>\n<\/td>\n<td style=\"width: 23.3823%; text-align: left;\" width=\"211\">\n<p align=\"justify\"><span style=\"font-family: Helvetica, sans-serif;\"><span style=\"font-size: small;\">biol\u00f3gia, k\u00e9mia<\/span><\/span><\/p>\n<\/td>\n<\/tr>\n<tr valign=\"top\">\n<td style=\"width: 32.947%;\" width=\"185\">\n<p align=\"left\"><span style=\"font-family: Helvetica, sans-serif;\"><span style=\"font-size: small;\">N\u00e9meth Zolt\u00e1n<\/span><\/span><\/p>\n<\/td>\n<td style=\"width: 42.053%;\" width=\"164\">\n<p align=\"justify\"><span style=\"font-family: Helvetica, sans-serif;\"><span style=\"font-size: small;\">tan\u00e1r<\/span><\/span><\/p>\n<\/td>\n<td style=\"width: 23.3823%; text-align: left;\" width=\"211\">\n<p align=\"justify\"><span style=\"font-family: Helvetica, sans-serif;\"><span style=\"font-size: small;\">biol\u00f3gia<\/span><\/span><\/p>\n<\/td>\n<\/tr>\n<tr valign=\"top\">\n<td style=\"width: 32.947%;\" width=\"185\">\n<p align=\"left\"><span style=\"font-family: Helvetica, sans-serif;\"><span style=\"font-size: small;\">Rezs\u0151 Rita<\/span><\/span><\/p>\n<\/td>\n<td style=\"width: 42.053%;\" width=\"164\">\n<p align=\"justify\"><span style=\"font-family: Helvetica, sans-serif;\"><span style=\"font-size: small;\">\u00f3raad\u00f3 tan\u00e1r<\/span><\/span><\/p>\n<\/td>\n<td style=\"width: 23.3823%; text-align: left;\" width=\"211\">\n<p align=\"justify\"><span style=\"font-family: Helvetica, sans-serif;\"><span style=\"font-size: small;\">\u00e9nek-zene<\/span><\/span><\/p>\n<\/td>\n<\/tr>\n<tr valign=\"top\">\n<td style=\"width: 32.947%;\" width=\"185\">\n<p align=\"left\"><span style=\"font-family: Helvetica, sans-serif;\"><span style=\"font-size: small;\">Koz\u00f3n\u00e9 Keszti \u00c1gnes<\/span><\/span><\/p>\n<\/td>\n<td style=\"width: 42.053%;\" width=\"164\">\n<p align=\"left\"><span style=\"font-family: Helvetica, sans-serif;\"><span style=\"font-size: small;\">\u00f3raad\u00f3 tan\u00edt\u00f3, fejleszt\u0151 pedag\u00f3gus<\/span><\/span><\/p>\n<\/td>\n<td style=\"width: 23.3823%; text-align: left;\" width=\"211\">\n<p align=\"justify\"><span style=\"font-family: Helvetica, sans-serif;\"><span style=\"font-size: small;\">napk\u00f6zi<\/span><\/span><\/p>\n<\/td>\n<\/tr>\n<tr valign=\"top\">\n<td style=\"width: 32.947%;\" width=\"185\">\n<p align=\"left\"><span style=\"font-family: Helvetica, sans-serif;\"><span style=\"font-size: small;\">Hegyi J\u00f3zsef<\/span><\/span><\/p>\n<\/td>\n<td style=\"width: 42.053%;\" width=\"164\">\n<p align=\"justify\"><span style=\"font-family: Helvetica, sans-serif;\"><span style=\"font-size: small;\">tan\u00e1r<\/span><\/span><\/p>\n<\/td>\n<td style=\"width: 23.3823%; text-align: left;\" width=\"211\">\n<p align=\"justify\"><span style=\"font-family: Helvetica, sans-serif;\"><span style=\"font-size: small;\">testnevel\u00e9s<\/span><\/span><\/p>\n<\/td>\n<\/tr>\n<tr valign=\"top\">\n<td style=\"width: 32.947%;\" width=\"185\">\n<p align=\"left\"><span style=\"font-family: Helvetica, sans-serif;\"><span style=\"font-size: small;\">Husz\u00e1r Vanda<\/span><\/span><\/p>\n<\/td>\n<td style=\"width: 42.053%;\" width=\"164\">\n<p align=\"justify\"><span style=\"font-family: Helvetica, sans-serif;\"><span style=\"font-size: small;\">tan\u00e1r<\/span><\/span><\/p>\n<\/td>\n<td style=\"width: 23.3823%; text-align: left;\" width=\"211\">\n<p align=\"justify\"><span style=\"font-family: Helvetica, sans-serif;\"><span style=\"font-size: small;\">j\u00e1t\u00e9kos sportfoglalkoz\u00e1s<\/span><\/span><\/p>\n<\/td>\n<\/tr>\n<tr valign=\"top\">\n<td style=\"width: 32.947%;\" width=\"185\">\n<p align=\"left\"><span style=\"font-family: Helvetica, sans-serif;\"><span style=\"font-size: small;\">Kov\u00e1cs Eszter <\/span><\/span><\/p>\n<\/td>\n<td style=\"width: 42.053%;\" width=\"164\">\n<p align=\"justify\"><span style=\"font-family: Helvetica, sans-serif;\"><span style=\"font-size: small;\">gy\u00f3gypedag\u00f3gus, logop\u00e9dus<\/span><\/span><\/p>\n<\/td>\n<td style=\"width: 23.3823%; text-align: left;\" width=\"211\">\n<p align=\"justify\"><span style=\"font-family: Helvetica, sans-serif;\"><span style=\"font-size: small;\">logop\u00e9diai ter\u00e1pia<\/span><\/span><\/p>\n<\/td>\n<\/tr>\n<\/tbody>\n<\/table>\n","protected":false},"excerpt":{"rendered":"<p>N\u00e9v Beoszt\u00e1s Tant\u00e1rgyak Mezein\u00e9 Kiss Katalin Melinda tagint\u00e9zm\u00e9ny-igazgat\u00f3 n\u00e9met nyelv, term\u00e9szettudom\u00e1ny Kov\u00e1cs Zsuzsanna munkak\u00f6z\u00f6ss\u00e9g-vezet\u0151 matematika, fizika, technika Zak\u00f3cs Veronika tan\u00edt\u00f3 H\u00e1rin\u00e9 D\u00fch Katalin tan\u00edt\u00f3 napk\u00f6zi Deutsch Szilvia tan\u00edt\u00f3 B\u00e1lintn\u00e9 Pados Andrea tan\u00edt\u00f3,<a class=\"moretag\" href=\"https:\/\/altisk-mlak.edu.hu\/index.php\/tanaraink-a-2024-2025-tanevben\/\">Read More&#8230;<\/a><\/p>\n","protected":false},"author":3,"featured_media":0,"parent":0,"menu_order":0,"comment_status":"closed","ping_status":"closed","template":"","meta":{"two_page_speed":[],"footnotes":""},"class_list":["post-2705","page","type-page","status-publish","hentry"],"_links":{"self":[{"href":"https:\/\/altisk-mlak.edu.hu\/index.php\/wp-json\/wp\/v2\/pages\/2705","targetHints":{"allow":["GET"]}}],"collection":[{"href":"https:\/\/altisk-mlak.edu.hu\/index.php\/wp-json\/wp\/v2\/pages"}],"about":[{"href":"https:\/\/altisk-mlak.edu.hu\/index.php\/wp-json\/wp\/v2\/types\/page"}],"author":[{"embeddable":true,"href":"https:\/\/altisk-mlak.edu.hu\/index.php\/wp-json\/wp\/v2\/users\/3"}],"replies":[{"embeddable":true,"href":"https:\/\/altisk-mlak.edu.hu\/index.php\/wp-json\/wp\/v2\/comments?post=2705"}],"version-history":[{"count":1,"href":"https:\/\/altisk-mlak.edu.hu\/index.php\/wp-json\/wp\/v2\/pages\/2705\/revisions"}],"predecessor-version":[{"id":2706,"href":"https:\/\/altisk-mlak.edu.hu\/index.php\/wp-json\/wp\/v2\/pages\/2705\/revisions\/2706"}],"wp:attachment":[{"href":"https:\/\/altisk-mlak.edu.hu\/index.php\/wp-json\/wp\/v2\/media?parent=2705"}],"curies":[{"name":"wp","href":"https:\/\/api.w.org\/{rel}","templated":true}]}}