{"id":326,"date":"2018-02-07T19:32:46","date_gmt":"2018-02-07T19:32:46","guid":{"rendered":"http:\/\/altisk-mlak.sulinet.hu\/?page_id=326"},"modified":"2022-04-11T09:44:51","modified_gmt":"2022-04-11T09:44:51","slug":"osztalyletszamok","status":"publish","type":"page","link":"https:\/\/altisk-mlak.edu.hu\/index.php\/osztalyletszamok\/","title":{"rendered":"Oszt\u00e1lyl\u00e9tsz\u00e1mok"},"content":{"rendered":"<p><strong>Oszt\u00e1lyonk\u00e9nt a tanul\u00f3k l\u00e9tsz\u00e1ma<\/strong><\/p>\n<p><strong>Magyarlak<\/strong><\/p>\n<table style=\"width: 100%;\" border=\"0\" cellpadding=\"0\">\n<tbody>\n<tr>\n<td style=\"width: 13.5%;\" width=\"84\"><strong>\u00a0<\/strong><\/td>\n<td style=\"text-align: center; width: 10.8333%;\" width=\"67\"><strong>1.<\/strong><\/td>\n<td style=\"text-align: center; width: 10.8333%;\" width=\"67\"><strong>2.<\/strong><\/td>\n<td style=\"text-align: center; width: 10.8333%;\" width=\"67\"><strong>3.<\/strong><\/td>\n<td style=\"text-align: center; width: 10.8333%;\" width=\"67\"><strong>4.<\/strong><\/td>\n<td style=\"text-align: center; width: 10.8333%;\" width=\"67\"><strong>5.<\/strong><\/td>\n<td style=\"text-align: center; width: 10.8333%;\" width=\"67\"><strong>6.<\/strong><\/td>\n<td style=\"text-align: center; width: 10.8333%;\" width=\"67\"><strong>7.<\/strong><\/td>\n<td style=\"text-align: center; width: 10.8333%;\" width=\"67\"><strong>8.<\/strong><\/td>\n<\/tr>\n<tr>\n<td style=\"width: 13.5%;\" width=\"84\"><strong>2016\/2017. tan\u00e9v<\/strong><\/td>\n<td style=\"text-align: center; width: 10.8333%;\" width=\"67\">10<\/td>\n<td style=\"text-align: center; width: 10.8333%;\" width=\"67\">8<\/td>\n<td style=\"text-align: center; width: 10.8333%;\" width=\"67\">8<\/td>\n<td style=\"text-align: center; width: 10.8333%;\" width=\"67\">8<\/td>\n<td style=\"text-align: center; width: 10.8333%;\" width=\"67\">11<\/td>\n<td style=\"text-align: center; width: 10.8333%;\" width=\"67\">8<\/td>\n<td style=\"text-align: center; width: 10.8333%;\" width=\"67\">11<\/td>\n<td style=\"text-align: center; width: 10.8333%;\" width=\"67\">10<\/td>\n<\/tr>\n<tr>\n<td style=\"width: 13.5%;\" width=\"84\"><strong>2017\/2018. tan\u00e9v<\/strong><\/td>\n<td style=\"text-align: center; width: 21.6666%;\" colspan=\"2\" width=\"134\">18<\/td>\n<td style=\"text-align: center; width: 10.8333%;\" width=\"67\">6<\/td>\n<td style=\"text-align: center; width: 10.8333%;\" width=\"67\">8<\/td>\n<td style=\"text-align: center; width: 10.8333%;\" width=\"67\">7<\/td>\n<td style=\"text-align: center; width: 10.8333%;\" width=\"67\">11<\/td>\n<td style=\"text-align: center; width: 10.8333%;\" width=\"67\">8<\/td>\n<td style=\"text-align: center; width: 10.8333%;\" width=\"67\">11<\/td>\n<\/tr>\n<tr>\n<td style=\"width: 13.5%;\"><strong>\u00a0<\/strong><\/td>\n<td style=\"text-align: center; width: 21.6666%;\" colspan=\"2\"><\/td>\n<td style=\"text-align: center; width: 10.8333%;\"><\/td>\n<td style=\"text-align: center; width: 10.8333%;\"><\/td>\n<td style=\"text-align: center; width: 10.8333%;\"><\/td>\n<td style=\"text-align: center; width: 10.8333%;\"><\/td>\n<td style=\"text-align: center; width: 10.8333%;\"><\/td>\n<td style=\"text-align: center; width: 10.8333%;\"><\/td>\n<\/tr>\n<tr>\n<td style=\"width: 13.5%;\"><strong>2021\/2022. tan\u00e9v<br \/>\n<\/strong><\/td>\n<td style=\"width: 10.8333%; text-align: center;\" width=\"92\">6<\/td>\n<td style=\"width: 10.8333%; text-align: center;\" width=\"92\">8<\/td>\n<td style=\"width: 10.8333%; text-align: center;\" width=\"92\">2<\/td>\n<td style=\"width: 10.8333%; text-align: center;\" width=\"92\">6<\/td>\n<td style=\"width: 10.8333%; text-align: center;\" width=\"92\">6<\/td>\n<td style=\"width: 10.8333%; text-align: center;\" width=\"92\">8<\/td>\n<td style=\"width: 10.8333%; text-align: center;\" width=\"92\">8<\/td>\n<td style=\"width: 10.8333%; text-align: center;\" width=\"92\">8<\/td>\n<\/tr>\n<\/tbody>\n<\/table>\n<p><strong>R\u00e1bagyarmat<\/strong><\/p>\n<table border=\"0\" cellpadding=\"0\">\n<tbody>\n<tr>\n<td width=\"84\"><strong>\u00a0<\/strong><\/td>\n<td style=\"text-align: center;\" width=\"67\"><strong>1.<\/strong><\/td>\n<td style=\"text-align: center;\" width=\"67\"><strong>2.<\/strong><\/td>\n<td style=\"text-align: center;\" width=\"67\"><strong>3.<\/strong><\/td>\n<td style=\"text-align: center;\" width=\"67\"><strong>4.<\/strong><\/td>\n<\/tr>\n<tr>\n<td width=\"84\"><strong>2017\/2018. tan\u00e9v<\/strong><\/td>\n<td style=\"text-align: center;\" colspan=\"4\" width=\"267\">14<\/td>\n<\/tr>\n<tr>\n<td><strong>\u00a0<\/strong><\/td>\n<td style=\"text-align: center;\" colspan=\"4\"><\/td>\n<\/tr>\n<tr>\n<td><strong>2021\/2022. tan\u00e9v<br \/>\n<\/strong><\/td>\n<td style=\"text-align: center;\" colspan=\"4\">14<\/td>\n<\/tr>\n<\/tbody>\n<\/table>\n","protected":false},"excerpt":{"rendered":"<p>Oszt\u00e1lyonk\u00e9nt a tanul\u00f3k l\u00e9tsz\u00e1ma Magyarlak \u00a0 1. 2. 3. 4. 5. 6. 7. 8. 2016\/2017. tan\u00e9v 10 8 8 8 11 8 11 10 2017\/2018. tan\u00e9v 18 6 8 7 11 8<a class=\"moretag\" href=\"https:\/\/altisk-mlak.edu.hu\/index.php\/osztalyletszamok\/\">Read More&#8230;<\/a><\/p>\n","protected":false},"author":1,"featured_media":0,"parent":0,"menu_order":0,"comment_status":"closed","ping_status":"closed","template":"","meta":{"two_page_speed":[],"footnotes":""},"class_list":["post-326","page","type-page","status-publish","hentry"],"_links":{"self":[{"href":"https:\/\/altisk-mlak.edu.hu\/index.php\/wp-json\/wp\/v2\/pages\/326","targetHints":{"allow":["GET"]}}],"collection":[{"href":"https:\/\/altisk-mlak.edu.hu\/index.php\/wp-json\/wp\/v2\/pages"}],"about":[{"href":"https:\/\/altisk-mlak.edu.hu\/index.php\/wp-json\/wp\/v2\/types\/page"}],"author":[{"embeddable":true,"href":"https:\/\/altisk-mlak.edu.hu\/index.php\/wp-json\/wp\/v2\/users\/1"}],"replies":[{"embeddable":true,"href":"https:\/\/altisk-mlak.edu.hu\/index.php\/wp-json\/wp\/v2\/comments?post=326"}],"version-history":[{"count":8,"href":"https:\/\/altisk-mlak.edu.hu\/index.php\/wp-json\/wp\/v2\/pages\/326\/revisions"}],"predecessor-version":[{"id":1018,"href":"https:\/\/altisk-mlak.edu.hu\/index.php\/wp-json\/wp\/v2\/pages\/326\/revisions\/1018"}],"wp:attachment":[{"href":"https:\/\/altisk-mlak.edu.hu\/index.php\/wp-json\/wp\/v2\/media?parent=326"}],"curies":[{"name":"wp","href":"https:\/\/api.w.org\/{rel}","templated":true}]}}