{"id":3810,"date":"2026-01-09T07:45:12","date_gmt":"2026-01-09T07:45:12","guid":{"rendered":"https:\/\/altisk-mlak.edu.hu\/?page_id=3810"},"modified":"2026-01-09T07:45:12","modified_gmt":"2026-01-09T07:45:12","slug":"tanaraink-a-2025-2026-tanevben","status":"publish","type":"page","link":"https:\/\/altisk-mlak.edu.hu\/index.php\/tanaraink-a-2025-2026-tanevben\/","title":{"rendered":"Tan\u00e1raink a 2025\/2026. tan\u00e9vben"},"content":{"rendered":"<p class=\"western\" lang=\"hu-HU\"><span style=\"font-size: x-large;\"><b>Tan\u00e1raink a 2025\/2026. tan\u00e9vben<\/b><\/span><\/p>\n<table width=\"604\" cellspacing=\"0\" cellpadding=\"7\">\n<tbody>\n<tr valign=\"top\">\n<td width=\"183\">\n<p class=\"western\" lang=\"hu-HU\" align=\"center\"><span style=\"font-family: Calibri, serif;\"><span style=\"font-size: small;\"><span style=\"font-size: large;\"><b>N\u00e9v<\/b><\/span><\/span><\/span><\/p>\n<\/td>\n<td width=\"188\">\n<p class=\"western\" lang=\"hu-HU\" align=\"center\"><span style=\"font-family: Calibri, serif;\"><span style=\"font-size: small;\"><span style=\"font-size: large;\"><b>Beoszt\u00e1s<\/b><\/span><\/span><\/span><\/p>\n<\/td>\n<td width=\"189\">\n<p class=\"western\" lang=\"hu-HU\" align=\"center\"><span style=\"font-family: Calibri, serif;\"><span style=\"font-size: small;\"><span style=\"font-size: large;\"><b>Tan\u00edtott tant\u00e1rgyak<\/b><\/span><\/span><\/span><\/p>\n<\/td>\n<\/tr>\n<tr valign=\"top\">\n<td width=\"183\">\n<p class=\"western\" lang=\"hu-HU\" align=\"left\"><span style=\"font-family: Calibri, serif;\"><span style=\"font-size: small;\"><span style=\"font-size: large;\">Mezein\u00e9 Kiss Katalin Melinda<\/span><\/span><\/span><\/p>\n<\/td>\n<td width=\"188\">\n<p class=\"western\" lang=\"hu-HU\" align=\"left\"><span style=\"font-family: Calibri, serif;\"><span style=\"font-size: small;\"><span style=\"font-size: large;\">tagint\u00e9zm\u00e9ny-igazgat\u00f3<\/span><\/span><\/span><\/p>\n<\/td>\n<td width=\"189\">\n<p class=\"western\" lang=\"hu-HU\" align=\"left\"><span style=\"font-family: Calibri, serif;\"><span style=\"font-size: small;\"><span style=\"font-size: large;\">n\u00e9met nyelv, term\u00e9szettudom\u00e1ny<\/span><\/span><\/span><\/p>\n<\/td>\n<\/tr>\n<tr valign=\"top\">\n<td width=\"183\">\n<p class=\"western\" lang=\"hu-HU\" align=\"left\"><span style=\"font-family: Calibri, serif;\"><span style=\"font-size: small;\"><span style=\"font-size: large;\">Kov\u00e1cs Zsuzsanna<\/span><\/span><\/span><\/p>\n<\/td>\n<td width=\"188\">\n<p class=\"western\" lang=\"hu-HU\" align=\"left\"><span style=\"font-family: Calibri, serif;\"><span style=\"font-size: small;\"><span style=\"font-size: large;\">munkak\u00f6z\u00f6ss\u00e9g-vezet\u0151<\/span><\/span><\/span><\/p>\n<\/td>\n<td width=\"189\">\n<p class=\"western\" lang=\"hu-HU\" align=\"left\"><span style=\"font-family: Calibri, serif;\"><span style=\"font-size: small;\"><span style=\"font-size: large;\">matematika, fizika,<\/span><\/span><\/span><\/p>\n<p class=\"western\" lang=\"hu-HU\" align=\"left\"><span style=\"font-family: Calibri, serif;\"><span style=\"font-size: small;\"><span style=\"font-size: large;\">technika<\/span><\/span><\/span><\/p>\n<\/td>\n<\/tr>\n<tr valign=\"top\">\n<td width=\"183\">\n<p class=\"western\" lang=\"hu-HU\" align=\"left\"><span style=\"font-family: Calibri, serif;\"><span style=\"font-size: small;\"><span style=\"font-size: large;\">B\u00e1lintn\u00e9 Pados Andrea<\/span><\/span><\/span><\/p>\n<\/td>\n<td width=\"188\">\n<p class=\"western\" lang=\"hu-HU\" align=\"left\"><span style=\"font-family: Calibri, serif;\"><span style=\"font-size: small;\"><span style=\"font-size: large;\">tan\u00edt\u00f3, fejleszt\u0151 pedag\u00f3gus<\/span><\/span><\/span><\/p>\n<\/td>\n<td width=\"189\"><\/td>\n<\/tr>\n<tr valign=\"top\">\n<td width=\"183\">\n<p class=\"western\" lang=\"hu-HU\" align=\"left\"><span style=\"font-family: Calibri, serif;\"><span style=\"font-size: small;\"><span style=\"font-size: large;\">Csipszer P\u00e9ter<\/span><\/span><\/span><\/p>\n<\/td>\n<td width=\"188\">\n<p class=\"western\" lang=\"hu-HU\" align=\"left\"><span style=\"font-family: Calibri, serif;\"><span style=\"font-size: small;\"><span style=\"font-size: large;\">tan\u00e1r<\/span><\/span><\/span><\/p>\n<\/td>\n<td width=\"189\">\n<p class=\"western\" lang=\"hu-HU\" align=\"left\"><span style=\"font-family: Calibri, serif;\"><span style=\"font-size: small;\"><span style=\"font-size: large;\">testnevel\u00e9s<\/span><\/span><\/span><\/p>\n<\/td>\n<\/tr>\n<tr valign=\"top\">\n<td width=\"183\">\n<p class=\"western\" lang=\"hu-HU\" align=\"left\"><span style=\"font-family: Calibri, serif;\"><span style=\"font-size: small;\"><span style=\"font-size: large;\">Deutsch Szilvia<\/span><\/span><\/span><\/p>\n<\/td>\n<td width=\"188\">\n<p class=\"western\" lang=\"hu-HU\" align=\"left\"><span style=\"font-family: Calibri, serif;\"><span style=\"font-size: small;\"><span style=\"font-size: large;\">tan\u00edt\u00f3<\/span><\/span><\/span><\/p>\n<\/td>\n<td width=\"189\">\n<p class=\"western\" lang=\"hu-HU\" align=\"left\"><span style=\"font-family: Calibri, serif;\"><span style=\"font-size: small;\"><span style=\"font-size: large;\">\u00e9nek-zene<\/span><\/span><\/span><\/p>\n<\/td>\n<\/tr>\n<tr valign=\"top\">\n<td width=\"183\">\n<p class=\"western\" lang=\"hu-HU\" align=\"left\"><span style=\"font-family: Calibri, serif;\"><span style=\"font-size: small;\"><span style=\"font-size: large;\">Ga\u00e1l M\u00f3nika<\/span><\/span><\/span><\/p>\n<\/td>\n<td width=\"188\">\n<p class=\"western\" lang=\"hu-HU\" align=\"left\"><span style=\"font-family: Calibri, serif;\"><span style=\"font-size: small;\"><span style=\"font-size: large;\">tan\u00e1r<\/span><\/span><\/span><\/p>\n<\/td>\n<td width=\"189\">\n<p class=\"western\" lang=\"hu-HU\" align=\"left\"><span style=\"font-family: Calibri, serif;\"><span style=\"font-size: small;\"><span style=\"font-size: large;\">n\u00e9met nyelv, tanul\u00f3szoba<\/span><\/span><\/span><\/p>\n<\/td>\n<\/tr>\n<tr valign=\"top\">\n<td width=\"183\">\n<p class=\"western\" lang=\"hu-HU\" align=\"left\"><span style=\"font-family: Calibri, serif;\"><span style=\"font-size: small;\"><span style=\"font-size: large;\">H\u00e1kl\u00e1r Zolt\u00e1nn\u00e9<\/span><\/span><\/span><\/p>\n<\/td>\n<td width=\"188\">\n<p class=\"western\" lang=\"hu-HU\" align=\"left\"><span style=\"font-family: Calibri, serif;\"><span style=\"font-size: small;\"><span style=\"font-size: large;\">tan\u00edt\u00f3, gy\u00f3gypedag\u00f3gus<\/span><\/span><\/span><\/p>\n<\/td>\n<td width=\"189\"><\/td>\n<\/tr>\n<tr valign=\"top\">\n<td width=\"183\">\n<p class=\"western\" lang=\"hu-HU\" align=\"left\"><span style=\"font-family: Calibri, serif;\"><span style=\"font-size: small;\"><span style=\"font-size: large;\">H\u00e1rin\u00e9 D\u00fch Katalin<\/span><\/span><\/span><\/p>\n<\/td>\n<td width=\"188\">\n<p class=\"western\" lang=\"hu-HU\" align=\"left\"><span style=\"font-family: Calibri, serif;\"><span style=\"font-size: small;\"><span style=\"font-size: large;\">tan\u00edt\u00f3<\/span><\/span><\/span><\/p>\n<\/td>\n<td width=\"189\">\n<p class=\"western\" lang=\"hu-HU\" align=\"left\"><span style=\"font-family: Calibri, serif;\"><span style=\"font-size: small;\"><span style=\"font-size: large;\">napk\u00f6zi, term\u00e9szettudom\u00e1ny<\/span><\/span><\/span><\/p>\n<\/td>\n<\/tr>\n<tr valign=\"top\">\n<td width=\"183\">\n<p class=\"western\" lang=\"hu-HU\" align=\"left\"><span style=\"font-family: Calibri, serif;\"><span style=\"font-size: small;\"><span style=\"font-size: large;\">M\u00e9h\u00e9sz Zolt\u00e1n<\/span><\/span><\/span><\/p>\n<\/td>\n<td width=\"188\">\n<p class=\"western\" lang=\"hu-HU\" align=\"left\"><span style=\"font-family: Calibri, serif;\"><span style=\"font-size: small;\"><span style=\"font-size: large;\">napk\u00f6zis nevel\u0151, tan\u00e1r<\/span><\/span><\/span><\/p>\n<\/td>\n<td width=\"189\">\n<p class=\"western\" lang=\"hu-HU\" align=\"left\"><span style=\"font-family: Calibri, serif;\"><span style=\"font-size: small;\"><span style=\"font-size: large;\">f\u00f6ldrajz, vizu\u00e1lis kult\u00fara<\/span><\/span><\/span><\/p>\n<\/td>\n<\/tr>\n<tr valign=\"top\">\n<td width=\"183\">\n<p class=\"western\" lang=\"hu-HU\" align=\"left\"><span style=\"font-family: Calibri, serif;\"><span style=\"font-size: small;\"><span style=\"font-size: large;\">T\u00f3thn\u00e9 Tak\u00e1cs Hajnalka<\/span><\/span><\/span><\/p>\n<\/td>\n<td width=\"188\">\n<p class=\"western\" lang=\"hu-HU\" align=\"left\"><span style=\"font-family: Calibri, serif;\"><span style=\"font-size: small;\"><span style=\"font-size: large;\">tan\u00e1r<\/span><\/span><\/span><\/p>\n<\/td>\n<td width=\"189\">\n<p class=\"western\" lang=\"hu-HU\" align=\"left\"><span style=\"font-family: Calibri, serif;\"><span style=\"font-size: small;\"><span style=\"font-size: large;\">magyar nyelv \u00e9s irodalom, dr\u00e1ma \u00e9s sz\u00ednh\u00e1z, tanul\u00f3szoba<\/span><\/span><\/span><\/p>\n<\/td>\n<\/tr>\n<tr valign=\"top\">\n<td width=\"183\">\n<p class=\"western\" lang=\"hu-HU\" align=\"left\"><span style=\"font-family: Calibri, serif;\"><span style=\"font-size: small;\"><span style=\"font-size: large;\">Zak\u00f3cs Veronika<\/span><\/span><\/span><\/p>\n<\/td>\n<td width=\"188\">\n<p class=\"western\" lang=\"hu-HU\" align=\"left\"><span style=\"font-family: Calibri, serif;\"><span style=\"font-size: small;\"><span style=\"font-size: large;\">tan\u00edt\u00f3<\/span><\/span><\/span><\/p>\n<\/td>\n<td width=\"189\"><\/td>\n<\/tr>\n<tr valign=\"top\">\n<td width=\"183\">\n<p class=\"western\" lang=\"hu-HU\" align=\"left\"><span style=\"font-family: Calibri, serif;\"><span style=\"font-size: small;\"><span style=\"font-size: large;\">Koz\u00f3n\u00e9 Keszti \u00c1gnes<\/span><\/span><\/span><\/p>\n<\/td>\n<td width=\"188\">\n<p class=\"western\" lang=\"hu-HU\" align=\"left\"><span style=\"font-family: Calibri, serif;\"><span style=\"font-size: small;\"><span style=\"font-size: large;\">tan\u00edt\u00f3, fejleszt\u0151 pedag\u00f3gus<\/span><\/span><\/span><\/p>\n<\/td>\n<td width=\"189\">\n<p class=\"western\" lang=\"hu-HU\" align=\"left\"><span style=\"font-family: Calibri, serif;\"><span style=\"font-size: small;\"><span style=\"font-size: large;\">napk\u00f6zi<\/span><\/span><\/span><\/p>\n<\/td>\n<\/tr>\n<tr valign=\"top\">\n<td width=\"183\">\n<p class=\"western\" lang=\"hu-HU\" align=\"left\"><span style=\"font-family: Calibri, serif;\"><span style=\"font-size: small;\"><span style=\"font-size: large;\">Jo\u00f3 Tam\u00e1s<\/span><\/span><\/span><\/p>\n<\/td>\n<td width=\"188\">\n<p class=\"western\" lang=\"hu-HU\" align=\"left\"><span style=\"font-family: Calibri, serif;\"><span style=\"font-size: small;\"><span style=\"font-size: large;\">tan\u00e1r<\/span><\/span><\/span><\/p>\n<\/td>\n<td width=\"189\">\n<p class=\"western\" lang=\"hu-HU\" align=\"left\"><span style=\"font-family: Calibri, serif;\"><span style=\"font-size: small;\"><span style=\"font-size: large;\">digit\u00e1lis kult\u00fara<\/span><\/span><\/span><\/p>\n<\/td>\n<\/tr>\n<tr valign=\"top\">\n<td width=\"183\">\n<p class=\"western\" lang=\"hu-HU\" align=\"left\"><span style=\"font-family: Calibri, serif;\"><span style=\"font-size: small;\"><span style=\"font-size: large;\">Peth\u0151 Ildik\u00f3<\/span><\/span><\/span><\/p>\n<\/td>\n<td width=\"188\">\n<p class=\"western\" lang=\"hu-HU\" align=\"left\"><span style=\"font-family: Calibri, serif;\"><span style=\"font-size: small;\"><span style=\"font-size: large;\">tan\u00e1r<\/span><\/span><\/span><\/p>\n<\/td>\n<td width=\"189\">\n<p class=\"western\" lang=\"hu-HU\" align=\"left\"><span style=\"font-family: Calibri, serif;\"><span style=\"font-size: small;\"><span style=\"font-size: large;\">biol\u00f3gia, k\u00e9mia<\/span><\/span><\/span><\/p>\n<\/td>\n<\/tr>\n<tr valign=\"top\">\n<td width=\"183\">\n<p class=\"western\" lang=\"hu-HU\" align=\"left\"><span style=\"font-family: Calibri, serif;\"><span style=\"font-size: small;\"><span style=\"font-size: large;\">Pusztai Zsolt<\/span><\/span><\/span><\/p>\n<\/td>\n<td width=\"188\">\n<p class=\"western\" lang=\"hu-HU\" align=\"left\"><span style=\"font-family: Calibri, serif;\"><span style=\"font-size: small;\"><span style=\"font-size: large;\">\u00f3raad\u00f3 tan\u00e1r<\/span><\/span><\/span><\/p>\n<\/td>\n<td width=\"189\">\n<p class=\"western\" lang=\"hu-HU\" align=\"left\"><span style=\"font-family: Calibri, serif;\"><span style=\"font-size: small;\"><span style=\"font-size: large;\">t\u00f6rt\u00e9nelem, honismeret, <\/span><\/span><\/span><\/p>\n<p class=\"western\" lang=\"hu-HU\" align=\"left\"><span style=\"font-family: Calibri, serif;\"><span style=\"font-size: small;\"><span style=\"font-size: large;\">\u00e1llampolg\u00e1ri ismeretek<\/span><\/span><\/span><\/p>\n<\/td>\n<\/tr>\n<tr valign=\"top\">\n<td width=\"183\">\n<p class=\"western\" lang=\"hu-HU\" align=\"left\"><span style=\"font-family: Calibri, serif;\"><span style=\"font-size: small;\"><span style=\"font-size: large;\">Kov\u00e1cs Eszter<\/span><\/span><\/span><\/p>\n<\/td>\n<td width=\"188\">\n<p class=\"western\" lang=\"hu-HU\" align=\"left\"><span style=\"font-family: Calibri, serif;\"><span style=\"font-size: small;\"><span style=\"font-size: large;\">gy\u00f3gypedag\u00f3gus, logop\u00e9dus<\/span><\/span><\/span><\/p>\n<\/td>\n<td width=\"189\">\n<p class=\"western\" lang=\"hu-HU\" align=\"left\"><span style=\"font-family: Calibri, serif;\"><span style=\"font-size: small;\"><span style=\"font-size: large;\">logop\u00e9diai ter\u00e1pia<\/span><\/span><\/span><\/p>\n<\/td>\n<\/tr>\n<\/tbody>\n<\/table>\n<p class=\"western\" lang=\"hu-HU\"><a name=\"_GoBack\"><\/a><\/p>\n","protected":false},"excerpt":{"rendered":"<p>Tan\u00e1raink a 2025\/2026. tan\u00e9vben N\u00e9v Beoszt\u00e1s Tan\u00edtott tant\u00e1rgyak Mezein\u00e9 Kiss Katalin Melinda tagint\u00e9zm\u00e9ny-igazgat\u00f3 n\u00e9met nyelv, term\u00e9szettudom\u00e1ny Kov\u00e1cs Zsuzsanna munkak\u00f6z\u00f6ss\u00e9g-vezet\u0151 matematika, fizika, technika B\u00e1lintn\u00e9 Pados Andrea tan\u00edt\u00f3, fejleszt\u0151 pedag\u00f3gus Csipszer P\u00e9ter tan\u00e1r testnevel\u00e9s<a class=\"moretag\" href=\"https:\/\/altisk-mlak.edu.hu\/index.php\/tanaraink-a-2025-2026-tanevben\/\">Read More&#8230;<\/a><\/p>\n","protected":false},"author":3,"featured_media":0,"parent":0,"menu_order":0,"comment_status":"closed","ping_status":"closed","template":"","meta":{"two_page_speed":[],"footnotes":""},"class_list":["post-3810","page","type-page","status-publish","hentry"],"_links":{"self":[{"href":"https:\/\/altisk-mlak.edu.hu\/index.php\/wp-json\/wp\/v2\/pages\/3810","targetHints":{"allow":["GET"]}}],"collection":[{"href":"https:\/\/altisk-mlak.edu.hu\/index.php\/wp-json\/wp\/v2\/pages"}],"about":[{"href":"https:\/\/altisk-mlak.edu.hu\/index.php\/wp-json\/wp\/v2\/types\/page"}],"author":[{"embeddable":true,"href":"https:\/\/altisk-mlak.edu.hu\/index.php\/wp-json\/wp\/v2\/users\/3"}],"replies":[{"embeddable":true,"href":"https:\/\/altisk-mlak.edu.hu\/index.php\/wp-json\/wp\/v2\/comments?post=3810"}],"version-history":[{"count":1,"href":"https:\/\/altisk-mlak.edu.hu\/index.php\/wp-json\/wp\/v2\/pages\/3810\/revisions"}],"predecessor-version":[{"id":3811,"href":"https:\/\/altisk-mlak.edu.hu\/index.php\/wp-json\/wp\/v2\/pages\/3810\/revisions\/3811"}],"wp:attachment":[{"href":"https:\/\/altisk-mlak.edu.hu\/index.php\/wp-json\/wp\/v2\/media?parent=3810"}],"curies":[{"name":"wp","href":"https:\/\/api.w.org\/{rel}","templated":true}]}}