{"id":977,"date":"2022-04-05T09:19:22","date_gmt":"2022-04-05T09:19:22","guid":{"rendered":"https:\/\/altisk-mlak.edu.hu\/?page_id=977"},"modified":"2026-01-09T07:46:40","modified_gmt":"2026-01-09T07:46:40","slug":"lelki-gondozok","status":"publish","type":"page","link":"https:\/\/altisk-mlak.edu.hu\/index.php\/lelki-gondozok\/","title":{"rendered":"Lelki gondoz\u00f3k"},"content":{"rendered":"<table style=\"height: 140px; width: 100%;\" width=\"100%\" cellspacing=\"0\" cellpadding=\"7\">\n<tbody>\n<tr style=\"height: 10px; background-color: #f5b431;\" valign=\"top\">\n<td style=\"height: 12px; width: 33.25%;\">\n<p class=\"western\" lang=\"hu-HU\" align=\"center\"><span style=\"font-family: Calibri, serif;\"><span style=\"font-size: large;\"><b>N\u00e9v<\/b><\/span><\/span><\/p>\n<\/td>\n<td style=\"height: 12px; width: 33.4167%;\">\n<p class=\"western\" lang=\"hu-HU\" align=\"center\"><span style=\"font-family: Calibri, serif;\"><span style=\"font-size: large;\"><b>Beoszt\u00e1s<\/b><\/span><\/span><\/p>\n<\/td>\n<td style=\"height: 12px; width: 33.25%;\">\n<p class=\"western\" lang=\"hu-HU\" align=\"center\"><span style=\"font-family: Calibri, serif;\"><span style=\"font-size: large;\"><b>Tan\u00edtott tant\u00e1rgyak<\/b><\/span><\/span><\/p>\n<\/td>\n<\/tr>\n<tr style=\"height: 60px;\" valign=\"top\">\n<td style=\"height: 60px; width: 33.25%;\">\n<p class=\"western\" lang=\"hu-HU\" align=\"left\"><span style=\"font-family: Calibri, serif;\"><span style=\"font-size: large;\">Dr. Tak\u00e1cs Gyula<\/span><\/span><\/p>\n<\/td>\n<td style=\"height: 60px; width: 33.4167%;\">\n<p class=\"western\" lang=\"hu-HU\" align=\"left\"><span style=\"font-family: Calibri, serif;\"><span style=\"font-size: large;\">iskolalelk\u00e9sz<\/span><\/span><\/p>\n<\/td>\n<td style=\"height: 60px; width: 33.25%;\"><\/td>\n<\/tr>\n<tr style=\"height: 26px;\" valign=\"top\">\n<td style=\"height: 26px; width: 33.25%;\">\n<p class=\"western\" lang=\"hu-HU\" align=\"left\"><span style=\"font-family: Calibri, serif;\"><span style=\"font-size: large;\">Dr. Viz Monika<\/span><\/span><\/p>\n<\/td>\n<td style=\"height: 26px; width: 33.4167%;\">\n<p class=\"western\" lang=\"hu-HU\" align=\"left\"><span style=\"font-family: Calibri, serif;\"><span style=\"font-size: large;\">hitoktat\u00f3<\/span><\/span><\/p>\n<\/td>\n<td style=\"height: 26px; width: 33.25%;\">\n<p class=\"western\" lang=\"hu-HU\" align=\"left\"><span style=\"font-family: Calibri, serif;\"><span style=\"font-size: large;\">r\u00f3mai katolikus hittan<\/span><\/span><\/p>\n<\/td>\n<\/tr>\n<tr valign=\"top\">\n<td style=\"width: 33.25%;\" width=\"186\">\n<p class=\"western\" lang=\"hu-HU\" align=\"left\"><span style=\"font-family: Calibri, serif;\"><span style=\"font-size: large;\">Sisakn\u00e9 P\u00e1ll Kl\u00e1ra<\/span><\/span><\/p>\n<\/td>\n<td style=\"width: 33.4167%;\" width=\"188\">\n<p class=\"western\" lang=\"hu-HU\" align=\"left\"><span style=\"font-family: Calibri, serif;\"><span style=\"font-size: large;\">hitoktat\u00f3<\/span><\/span><\/p>\n<\/td>\n<td style=\"width: 33.25%;\" width=\"187\">\n<p class=\"western\" lang=\"hu-HU\" align=\"left\"><span style=\"font-family: Calibri, serif;\"><span style=\"font-size: large;\">reform\u00e1tus hittan<\/span><\/span><\/p>\n<\/td>\n<\/tr>\n<\/tbody>\n<\/table>\n","protected":false},"excerpt":{"rendered":"<p>N\u00e9v Beoszt\u00e1s Tan\u00edtott tant\u00e1rgyak Dr. Tak\u00e1cs Gyula iskolalelk\u00e9sz Dr. Viz Monika hitoktat\u00f3 r\u00f3mai katolikus hittan Sisakn\u00e9 P\u00e1ll Kl\u00e1ra hitoktat\u00f3 reform\u00e1tus hittan<\/p>\n","protected":false},"author":3,"featured_media":0,"parent":0,"menu_order":0,"comment_status":"closed","ping_status":"closed","template":"","meta":{"two_page_speed":[],"footnotes":""},"class_list":["post-977","page","type-page","status-publish","hentry"],"_links":{"self":[{"href":"https:\/\/altisk-mlak.edu.hu\/index.php\/wp-json\/wp\/v2\/pages\/977","targetHints":{"allow":["GET"]}}],"collection":[{"href":"https:\/\/altisk-mlak.edu.hu\/index.php\/wp-json\/wp\/v2\/pages"}],"about":[{"href":"https:\/\/altisk-mlak.edu.hu\/index.php\/wp-json\/wp\/v2\/types\/page"}],"author":[{"embeddable":true,"href":"https:\/\/altisk-mlak.edu.hu\/index.php\/wp-json\/wp\/v2\/users\/3"}],"replies":[{"embeddable":true,"href":"https:\/\/altisk-mlak.edu.hu\/index.php\/wp-json\/wp\/v2\/comments?post=977"}],"version-history":[{"count":5,"href":"https:\/\/altisk-mlak.edu.hu\/index.php\/wp-json\/wp\/v2\/pages\/977\/revisions"}],"predecessor-version":[{"id":3812,"href":"https:\/\/altisk-mlak.edu.hu\/index.php\/wp-json\/wp\/v2\/pages\/977\/revisions\/3812"}],"wp:attachment":[{"href":"https:\/\/altisk-mlak.edu.hu\/index.php\/wp-json\/wp\/v2\/media?parent=977"}],"curies":[{"name":"wp","href":"https:\/\/api.w.org\/{rel}","templated":true}]}}